{"id":3,"date":"2021-08-31T09:21:27","date_gmt":"2021-08-31T09:21:27","guid":{"rendered":"https:\/\/resilienz-zentrum.net\/?page_id=3"},"modified":"2021-09-20T15:55:25","modified_gmt":"2021-09-20T13:55:25","slug":"datenschutz","status":"publish","type":"page","link":"https:\/\/resilienz-zentrum.net\/index.php\/datenschutz\/","title":{"rendered":"Datenschutzerkl\u00e4rung"},"content":{"rendered":"\n\n\t<p>&nbsp;<\/p>\n<h1>Datenschutzerkl\u00e4rung<\/h1>\n<p>Wir freuen uns sehr \u00fcber Ihr Interesse an der Arbeit des Resilienz Zentrums Hamburg. Datenschutz hat f\u00fcr uns einen hohen Stellenwert, denn eine Verpflichtung zu Verschwiegenheit und Vertraulichkeit geh\u00f6rt schon immer zu unserer Profession. Wir m\u00f6chten Sie darum im Folgenden informieren, wie wir mit den Daten umgehen, durch die Sie pers\u00f6nlich identifiziert werden k\u00f6nnen, wenn Sie unsere Website benutzen. Diese Daten werden personenbezogene Daten genannt. \u201eAuf einen Blick&#8221; k\u00f6nnen Sie sich einen \u00dcberblick \u00fcber unseren Umgang mit Ihren Daten machen. Im Anschluss daran finden Sie \u201eetwas Genauere&#8221; Informationen.<\/p>\n<h2>Auf einen Blick<\/h2>\nDie Internetseiten www.info@resilienz-hamburg.de stellen wir bereit, um Sie \u00fcber die Angebote des Resilienz Zentrums Hamburg zu informieren und Ihnen eine Kontaktaufnahme mit uns zu erm\u00f6glichen. Eine Nutzung unserer Internetseite ist grunds\u00e4tzlich ohne jede Angabe personenbezogener Daten, ausschlie\u00dflich zu Ihrer Information m\u00f6glich. In diesem Fall erfasst unser IT-System automatisch technische Daten wie z.B. Ihren Internetbrowser oder Ihr Betriebssystem. Das ist n\u00f6tig um Ihnen unsere Website fehlerfrei bereitzustellen.<br \/>\nWenn Sie jedoch \u00fcber unsere Internetseite Kontakt zu uns aufnehmen, wird die Verarbeitung personenbezogener Daten erforderlich. Wir speichern diese personenbezogenen Daten, beispielsweise Ihr Name, Ihre Anschrift, E-Mail-Adresse oder Telefonnummer, ausschlie\u00dflich um uns mit Ihnen in Verbindung setzen zu k\u00f6nnen. Wir behandeln Ihre personenbezogenen Daten vertraulich und im Einklang mit der Datenschutz-Grundverordnung sowie in \u00dcbereinstimmung mit den f\u00fcr das Resilienz Zentrum Hamburg geltenden landesspezifischen Datenschutzbestimmungen. Das bedeutet, dass wir Ihre Daten selbstverst\u00e4ndlich nicht weitergeben, sondern nur f\u00fcr den direkten Kontakt mit Ihnen nutzen. Wir erheben keine Daten, die Sie uns nicht bereitstellen. Wir speichern Ihre Daten solange wir mit Ihnen im Austausch \u00fcber Ihr Interesse an unserer Arbeit sind. Vereinbaren wir keine Zusammenarbeit, l\u00f6schen wir Ihre personenbezogenen Daten, nach der Abkl\u00e4rung. Wenn wir eine Zusammenarbeit vereinbaren speichern wir Ihre personenbezogenen Daten je nach Angebot solange, wie die Zusammenarbeit dauert, bzw. solange es der Gesetzgeber von uns fordert.<br \/>\nSie haben nat\u00fcrlich das Recht \u00fcber die von uns gespeicherten Daten informiert zu werden, Sie haben das Recht zu verlangen, dass wir falsche Daten berichtigen, sowie, dass wir Ihre Daten im Einklang mit geltendem Recht l\u00f6schen.<br \/>\nSeien Sie versichert, dass wir Ihre personenbezogenen Daten nach besten Wissen und Gewissen sch\u00fctzen m\u00f6chten. Bitte nehmen Sie Kontakt zu uns auf, wenn Sie Probleme mit unserer Verwendung Ihrer Daten sehen.\nVerantwortlich f\u00fcr diese Website ist:<br \/>\nResilienz Zentrum Hamburg, Nicole Plinz, Hopfensack 8, 20457 Hamburg\n<p>Tel: oo4o-35 71 58 48<\/p>\n\n\n<h2>Etwas Genauer<\/h2>\n<p>In diesem Abschnitt unserer Datenschutzerkl\u00e4rung m\u00f6chten wir etwas detaillierter \u00fcber Art, Umfang und Zweck der von uns erhobenen, genutzten und verarbeiteten personenbezogenen Daten informieren und \u00fcber die Ihnen zustehenden Rechte aufkl\u00e4ren.<\/p>\n<p>Wir m\u00f6chten Sie darauf hinweisen, dass das Resilienz Zentrum Hamburg technische und organisatorische Ma\u00dfnahmen umgesetzt hat, die einen m\u00f6glichst l\u00fcckenlosen Schutz der \u00fcber diese Internetseite verarbeiteten personenbezogenen Daten sicherstellen sollen. Dennoch kann die Daten\u00fcbertragungen im Internet grunds\u00e4tzlich Sicherheitsl\u00fccken aufweisen. Ein l\u00fcckenloser Schutz kann darum nicht gew\u00e4hrleistet werden. Aus diesem Grund steht es Ihnen frei, uns Ihre personenbezogenen Daten auch auf alternativen Wegen, beispielsweise per Telefon, zu \u00fcbermitteln.<\/p>\n<p>1. Begriffsbestimmungen<\/p>\n<p>Die Datenschutzerkl\u00e4rung des Resilienz Zentrums Hamburg beruht auf den Begriffen, die durch den Europ\u00e4ischen Richtlinien- und Verordnungsgeber beim Erlass der Datenschutz-Grundverordnung (DS-GVO) verwendet wurden. Wir m\u00f6chten vorab die verwendeten Begriffe erl\u00e4utern.<\/p>\n<p>Wir verwenden in dieser Datenschutzerkl\u00e4rung unter anderem die folgenden Begriffe:<\/p>\na) personenbezogene Daten<br \/>\nPersonenbezogene Daten sind alle Informationen, mit denen Sie pers\u00f6nlich identifiziert werden k\u00f6nnen. Als identifizierbar wird eine nat\u00fcrliche Person angesehen, die direkt oder indirekt, insbesondere mittels Zuordnung zu einer Kennung wie einem Namen, zu einer Kennnummer, zu Standortdaten, zu einer Online-Kennung oder zu einem oder mehreren besonderen Merkmalen, die Ausdruck der physischen, physiologischen, genetischen, psychischen, wirtschaftlichen, kulturellen oder sozialen Identit\u00e4t dieser nat\u00fcrlichen Person sind, identifiziert werden kann.\nb) betroffene Person<br \/>\nBetroffene Person ist jede identifizierte oder identifizierbare nat\u00fcrliche Person, deren personenbezogene Daten von dem f\u00fcr die Verarbeitung Verantwortlichen verarbeitet werden.\nc) Verarbeitung<br \/>\nVerarbeitung ist jeder mit oder ohne Hilfe automatisierter Verfahren ausgef\u00fchrte Vorgang oder jede solche Vorgangsreihe im Zusammenhang mit personenbezogenen Daten wie das Erheben, das Erfassen, die Organisation, das Ordnen, die Speicherung, die Anpassung oder Ver\u00e4nderung, das Auslesen, das Abfragen, die Verwendung, die Offenlegung durch \u00dcbermittlung, Verbreitung oder eine andere Form der Bereitstellung, den Abgleich oder die Verkn\u00fcpfung, die Einschr\u00e4nkung, das L\u00f6schen oder die Vernichtung.\nd) Einschr\u00e4nkung der Verarbeitung<br \/>\nEinschr\u00e4nkung der Verarbeitung ist die Markierung gespeicherter personenbezogener Daten mit dem Ziel, ihre k\u00fcnftige Verarbeitung einzuschr\u00e4nken.\ne) Profiling<br \/>\nProfiling ist jede Art der automatisierten Verarbeitung personenbezogener Daten, die darin besteht, dass diese personenbezogenen Daten verwendet werden, um bestimmte pers\u00f6nliche Aspekte, die sich auf eine nat\u00fcrliche Person beziehen, zu bewerten, insbesondere, um Aspekte bez\u00fcglich Arbeitsleistung, wirtschaftlicher Lage, Gesundheit, pers\u00f6nlicher Vorlieben, Interessen, Zuverl\u00e4ssigkeit, Verhalten, Aufenthaltsort oder Ortswechsel dieser nat\u00fcrlichen Person zu analysieren oder vorherzusagen.\nf) Pseudonymisierung<br \/>\nPseudonymisierung ist die Verarbeitung personenbezogener Daten in einer Weise, auf welche die personenbezogenen Daten ohne Hinzuziehung zus\u00e4tzlicher Informationen nicht mehr einer spezifischen betroffenen Person zugeordnet werden k\u00f6nnen, sofern diese zus\u00e4tzlichen Informationen gesondert aufbewahrt werden und technischen und organisatorischen Ma\u00dfnahmen unterliegen, die gew\u00e4hrleisten, dass die personenbezogenen Daten nicht einer identifizierten oder identifizierbaren nat\u00fcrlichen Person zugewiesen werden.\ng) Verantwortlicher oder f\u00fcr die Verarbeitung Verantwortlicher<br \/>\nVerantwortlicher oder f\u00fcr die Verarbeitung Verantwortlicher ist die nat\u00fcrliche oder juristische Person, Beh\u00f6rde, Einrichtung oder andere Stelle, die allein oder gemeinsam mit anderen \u00fcber die Zwecke und Mittel der Verarbeitung von personenbezogenen Daten entscheidet. Sind die Zwecke und Mittel dieser Verarbeitung durch das Unionsrecht oder das Recht der Mitgliedstaaten vorgegeben, so kann der Verantwortliche beziehungsweise k\u00f6nnen die bestimmten Kriterien seiner Benennung nach dem Unionsrecht oder dem Recht der Mitgliedstaaten vorgesehen werden.\nh) Auftragsverarbeiter<br \/>\nAuftragsverarbeiter ist eine nat\u00fcrliche oder juristische Person, Beh\u00f6rde, Einrichtung oder andere Stelle, die personenbezogene Daten im Auftrag des Verantwortlichen verarbeitet.\ni) Empf\u00e4nger<br \/>\nEmpf\u00e4nger ist eine nat\u00fcrliche oder juristische Person, Beh\u00f6rde, Einrichtung oder andere Stelle, der personenbezogene Daten offengelegt werden, unabh\u00e4ngig davon, ob es sich bei\n<p>ihr um einen Dritten handelt oder nicht. Beh\u00f6rden, die im Rahmen eines bestimmten Untersuchungsauftrags nach dem Unionsrecht oder dem Recht der Mitgliedstaaten m\u00f6glicherweise personenbezogene Daten erhalten, gelten jedoch nicht als Empf\u00e4nger.<\/p>\nj) Dritter<br \/>\nDritter ist eine nat\u00fcrliche oder juristische Person, Beh\u00f6rde, Einrichtung oder andere Stelle au\u00dfer der betroffenen Person, dem Verantwortlichen, dem Auftragsverarbeiter und den Personen, die unter der unmittelbaren Verantwortung des Verantwortlichen oder des Auftragsverarbeiters befugt sind, die personenbezogenen Daten zu verarbeiten.\nk) Einwilligung<br \/>\nEinwilligung ist jede von der betroffenen Person freiwillig f\u00fcr den bestimmten Fall in informierter Weise und unmissverst\u00e4ndlich abgegebene Willensbekundung in Form einer Erkl\u00e4rung oder einer sonstigen eindeutigen best\u00e4tigenden Handlung, mit der die betroffene Person zu verstehen gibt, dass sie mit der Verarbeitung der sie betreffenden personenbezogenen Daten einverstanden ist.\n<p>2. Name und Anschrift des f\u00fcr die Verarbeitung Verantwortlichen<\/p>\n<p>Verantwortlicher im Sinne der Datenschutz-Grundverordnung, sonstiger in den Mitgliedstaaten der Europ\u00e4ischen Union geltenden Datenschutzgesetze und anderer Bestimmungen mit datenschutzrechtlichem Charakter ist das:<\/p>\n<p>Resilienz Zentrum Hamburg, Nicole Plinz, Hopfensack 8, 20457 Hamburg<\/p>\n<p>Tel: oo4o-35 71 58 48<\/p>\n\n\n<p>3. Datenschutzbeauftragte<\/p>\n<p>Nach Ma\u00dfgabe der Beh\u00f6rde besteht zum Stand vom April 2018 nach unserer Kenntnis keine Verpflichtung eine Datenschutzbeauftragte zu benennen. Wir informieren uns regelm\u00e4\u00dfig \u00fcber \u00c4nderungen dieser Gesetzeslage. Sollte eine Datenschutzbeauftragte durch eine Gesetzes\u00e4nderung oder Ausformulierung der Vorschriften erforderlich sein, wird diese umgehend benannt.<\/p>\n<p>4. Erfassung von allgemeinen Daten und Informationen<\/p>\n<p>Die Internetseite des Resilienz Zentrums Hamburg erfasst mit jedem Aufruf der Internetseite durch eine betroffene Person oder ein automatisiertes System eine Reihe von allgemeinen Daten und Informationen. Diese allgemeinen Daten und Informationen werden in den Logfiles des Servers gespeichert. Erfasst werden k\u00f6nnen die (1) verwendeten Browsertypen und Versionen, (2) das vom zugreifenden System verwendete Betriebssystem, (3) die Internetseite, von welcher ein zugreifendes System auf unsere Internetseite gelangt (sogenannte Referrer), (4) die Unterwebseiten, welche \u00fcber ein zugreifendes System auf unserer Internetseite angesteuert werden, (5) das Datum und die Uhrzeit eines Zugriffs auf die Internetseite, (6) eine Internet-Protokoll-Adresse (IP- Adresse), (7) der Internet-Service-Provider des zugreifenden Systems und (8) sonstige \u00e4hnliche Daten und Informationen, die der Gefahrenabwehr im Falle von Angriffen auf unsere informationstechnologischen Systeme dienen.<\/p>\n<p>Bei der Nutzung dieser allgemeinen Daten und Informationen zieht das Resilienz Zentrum Hamburg keine R\u00fcckschl\u00fcsse auf die betroffene Person. Diese Informationen werden vielmehr ben\u00f6tigt, um (1) die Inhalte unserer Internetseite korrekt auszuliefern, (2) die Inhalte unserer Internetseite sowie die Werbung f\u00fcr diese zu optimieren, (3) die dauerhafte Funktionsf\u00e4higkeit unserer informationstechnologischen Systeme und der Technik unserer Internetseite zu gew\u00e4hrleisten sowie (4) um Strafverfolgungsbeh\u00f6rden im Falle eines Cyberangriffes die zur Strafverfolgung notwendigen Informationen bereitzustellen. Diese anonym erhobenen Daten und Informationen werden durch das Resilienz Zentrum Hamburg daher einerseits statistisch und ferner mit dem Ziel ausgewertet, den Datenschutz und die Datensicherheit in unserem Unternehmen zu erh\u00f6hen, um letztlich ein optimales Schutzniveau f\u00fcr die von uns verarbeiteten personenbezogenen Daten sicherzustellen. Die anonymen Daten der Server-Logfiles werden getrennt von allen durch eine betroffene Person angegebenen personenbezogenen Daten gespeichert.<\/p>\n<p>5. Routinem\u00e4\u00dfige L\u00f6schung und Sperrung von personenbezogenen Daten<\/p>\n<p>Das Resilienz Zentrum Hamburg verarbeitet und speichert personenbezogene Daten der Klienten nur f\u00fcr den Zeitraum, der f\u00fcr die Inanspruchnahme unserer Angebote notwendig ist, bzw solange die entsprechende Mitarbeiterin des Resilienz Zentrums Hamburg durch den Europ\u00e4ischen Richtlinien- und Verordnungsgeber dazu verpflichtet ist.<\/p>\n<p>Wird die Inanspruchnahme unserer Angebote beendet, bzw. l\u00e4uft eine vom Europ\u00e4ischen Richtlinien- und Verordnungsgeber oder einem anderen zust\u00e4ndigen Gesetzgeber vorgeschriebene Speicherfrist ab, werden die personenbezogenen Daten routinem\u00e4\u00dfig und entsprechend den gesetzlichen Vorschriften gesperrt oder gel\u00f6scht.<\/p>\n<p>6. Rechte der betroffenen Person<\/p>\na) Recht auf Best\u00e4tigung<br \/>\nJede betroffene Person hat das vom Europ\u00e4ischen Richtlinien- und Verordnungsgeber einger\u00e4umte Recht, von dem f\u00fcr die Verarbeitung Verantwortlichen eine Best\u00e4tigung dar\u00fcber zu verlangen, ob sie betreffende personenbezogene Daten verarbeitet werden. M\u00f6chte eine betroffene Person dieses Best\u00e4tigungsrecht in Anspruch nehmen, kann sie sich jederzeit an das Resilienz Zentrum Hamburg wenden.\nb) Recht auf Auskunft<br \/>\nSowie das Resilienz Zentrum Hamburg personenbezogene Daten von Ihnen erhalten hat, genie\u00dfen Sie das vom Europ\u00e4ischen Richtlinien- und Verordnungsgeber gew\u00e4hrte Recht, unentgeltliche Auskunft von uns \u00fcber die gespeicherten personenbezogenen Daten zu erhalten.\nc) Recht auf Berichtigung<br \/>\nSofern das Resilienz Zentrum Hamburg Daten von Ihnen gespeichert hat, gew\u00e4hrt der Europ\u00e4ische Richtlinien- und Verordnungsgeber Ihnen das Recht, die unverz\u00fcgliche Berichtigung unrichtiger personenbezogener Daten von uns zu verlangen. Selbstverst\u00e4ndlich stehen wir Ihnen f\u00fcr solche Berichtigung gern zur Verf\u00fcgung.\nd) Recht auf L\u00f6schung (Recht auf Vergessen werden)<br \/>\nIm Rahmen der geltenden Bestimmungen haben Sie das Recht auf die L\u00f6schung Ihrer gespeicherten Daten. Wenden Sie sich hierzu unter der angegebenen Adresse an das Resilienz Zentrum Hamburg.\ne) Recht auf Einschr\u00e4nkung der Verarbeitung<br \/>\nIm Rahmen der gesetzlichen Bestimmungen haben Sie das Recht vom Resilienz Zentrum Hamburg die Einschr\u00e4nkung der Verarbeitung Ihrer personenbezogenen Daten zu verlangen.\nf) Recht auf Daten\u00fcbertragbarkeit<br \/>\nSie haben im Rahmen der gesetzlichen Bestimmungen das Recht von Ihnen an uns \u00fcbermittelte personenbezogenen Daten in einer lesbaren Form von uns zu erhalten. Sie haben zudem das Recht, diese Daten einem anderen ohne Behinderung durch uns zu \u00fcbermitteln, oder durch uns \u00fcbermitteln zu lassen.\ng) Recht auf Widerspruch<br \/>\nSie haben im Rahmen der gesetzlichen Bestimmungen das Recht aus Gr\u00fcnden, die sich aus Ihrer besonderen Situation ergeben, gegen die Verarbeitung Ihrer personenbezogenen Daten, die aufgrund von Art. 6 Abs. 1 Buchstaben e oder f DS-GVO erfolgt, Widerspruch einzulegen. Dies gilt auch f\u00fcr ein auf diese Bestimmungen gest\u00fctztes Profiling.<br \/>\nIn einem solchen Falle des Widerspruchs entsprechend den gesetzlichen Bestimmungen verarbeiten wir Ihre personenbezogenen Daten nicht mehr, es sei denn, wir k\u00f6nnen zwingende schutzw\u00fcrdige Gr\u00fcnde f\u00fcr die Verarbeitung nachweisen, die Ihre Interessen, Rechten und Freiheiten \u00fcberwiegen, oder die Verarbeitung dient der Geltendmachung, Aus\u00fcbung oder Verteidigung von Rechtsanspr\u00fcchen.<br \/>\nSie haben jederzeit das Recht gegen die Nutzung Ihrer personenbezogenen Daten zum Zwecke von Direktwerbung durch uns Widerspruch einzulegen, selbstverst\u00e4ndlich werden wir auf solche Direktwerbung umgehend verzichten.\n\u00a0h)Recht auf Widerruf einer datenschutzrechtlichen Einwilligung<br \/>\nSie haben jederzeit das Recht eine Einwilligung zur Verarbeitung personenbezogener Daten zu widerrufen. Wenden Sie sich mit einem solchen Anliegen unter der angegebenen Adresse an uns.\n<p>8. Rechtsgrundlage der Verarbeitung<\/p>\n<p>Art. 6 I lit. a DS-GVO dient unserem Unternehmen als Rechtsgrundlage f\u00fcr Verarbeitungsvorg\u00e4nge, bei denen wir eine Einwilligung f\u00fcr einen bestimmten Verarbeitungszweck einholen. Ist die Verarbeitung personenbezogener Daten zur Erf\u00fcllung eines Vertrags, den Sie mit uns schlie\u00dfen m\u00f6chten, erforderlich, dann beruht die Verarbeitung auf Art. 6 I lit. b DS-GVO. Das Gleiche gilt f\u00fcr solche Verarbeitungsvorg\u00e4nge die zur Abkl\u00e4rung vorvertraglicher Ma\u00dfnahmen erforderlich sind, etwa wenn es um Anfragen zu unseren Angeboten oder Leistungen geht. Unterliegt das Resilienz Zentrum Hamburg einer rechtlichen Verpflichtung durch welche eine Verarbeitung von personenbezogenen Daten erforderlich ist, wie beispielsweise zur Erf\u00fcllung steuerlicher Pflichten, so basiert die Verarbeitung auf Art. 6 I lit. c DS-GVO. In seltenen F\u00e4llen k\u00f6nnte die Verarbeitung von personenbezogenen Daten erforderlich werden, um lebenswichtige Interessen der betroffenen Person oder einer anderen nat\u00fcrlichen Person zu sch\u00fctzen. Das w\u00e4re zum Beispiel der Fall, wenn Sie sich in unseren R\u00e4umen verletzen w\u00fcrden und wir daraufhin Ihren Namen, Ihr Alter, oder sonstige lebenswichtige Informationen an einen Arzt, ein Krankenhaus oder sonstige Dritte weitergegeben m\u00fcssten. Dann w\u00fcrde die Verarbeitung auf Art. 6 I lit. d DS-GVO beruhen.<\/p>\n<p>9. Berechtigte Interessen an der Verarbeitung, die von dem Verantwortlichen oder einem Dritten verfolgt werden<\/p>\n<p>Basiert die Verarbeitung personenbezogener Daten auf Artikel 6 I lit. f DS-GVO ist unser berechtigtes Interesse die Aufrechterhaltung unserer Gesch\u00e4ftst\u00e4tigkeit zugunsten des Wohlergehens all unserer Mitarbeiter.<\/p>\n<p>10. Dauer, f\u00fcr die die personenbezogenen Daten gespeichert werden<\/p>\n<p>\u00dcber die Dauer der Speicherung Ihrer personenbezogenen Daten entscheiden wir entsprechend der jeweiligen gesetzlichen Aufbewahrungsfrist. Ist diese Frist abgelaufen werden Ihre Daten routinem\u00e4\u00dfig gel\u00f6scht, insofern sie nicht mehr zur Vertragserf\u00fcllung oder Vertragsanbahnung erforderlich sind.<\/p>\n<p>11. Gesetzliche oder vertragliche Vorschriften zur Bereitstellung der personenbezogenen Daten; Erforderlichkeit f\u00fcr den Vertragsabschluss; Verpflichtung der betroffenen Person, die personenbezogenen Daten bereitzustellen; m\u00f6gliche Folgen der Nichtbereitstellung<\/p>\n<p>Wir m\u00f6chten Sie nun noch dar\u00fcber informieren, dass die Bereitstellung und Verarbeitung Ihrer personenbezogenen Daten zum Teil gesetzlich vorgeschrieben ist (wie z.B. im Falle von Steuervorschriften) oder sich auch aus vertraglichen Regelungen (z.B. Angaben zum Vertragspartner) ergeben kann. F\u00fcr einen Vertragsschluss, der uns erm\u00f6glicht mit Ihnen in eine Zusammenarbeit zu treten, ist es regelhaft erforderlich, dass Sie uns personenbezogene Daten zur Verf\u00fcgung stellen, die wir in der Folge verarbeiten m\u00fcssen. Ohne dass Sie uns Ihre Daten bereitstellen w\u00fcrden, k\u00f6nnten wir keinen Vertrag mit Ihnen abschlie\u00dfen.<\/p>\n<p>Abschlie\u00dfend m\u00f6chten wir versichern:<\/p>\n<p>Wir verarbeiten Ihre personenbezogenen Daten sorgf\u00e4ltig und nach den gesetzlichen Erfordernissen der Zweckbestimmung und der Datensparsamkeit.<\/p>\n<p>Eine Kontaktaufnahme mit uns ist \u00fcber die bereitgestellte E-Mail-Adresse oder telefonisch m\u00f6glich.<\/p>\n<p>&nbsp;<\/p>\n\n","protected":false},"excerpt":{"rendered":"<p>&nbsp; Datenschutzerkl\u00e4rung Wir freuen uns sehr \u00fcber Ihr Interesse an der Arbeit des Resilienz Zentrums Hamburg. Datenschutz hat f\u00fcr uns einen hohen Stellenwert, denn eine Verpflichtung zu Verschwiegenheit und Vertraulichkeit geh\u00f6rt schon immer zu unserer Profession. Wir m\u00f6chten Sie darum im Folgenden informieren, wie wir mit den Daten umgehen, durch die Sie pers\u00f6nlich identifiziert werden [&hellip;]<\/p>\n","protected":false},"author":1,"featured_media":0,"parent":0,"menu_order":0,"comment_status":"closed","ping_status":"open","template":"","meta":{"footnotes":""},"class_list":["post-3","page","type-page","status-publish","hentry","wpbf-post"],"_links":{"self":[{"href":"https:\/\/resilienz-zentrum.net\/index.php\/wp-json\/wp\/v2\/pages\/3","targetHints":{"allow":["GET"]}}],"collection":[{"href":"https:\/\/resilienz-zentrum.net\/index.php\/wp-json\/wp\/v2\/pages"}],"about":[{"href":"https:\/\/resilienz-zentrum.net\/index.php\/wp-json\/wp\/v2\/types\/page"}],"author":[{"embeddable":true,"href":"https:\/\/resilienz-zentrum.net\/index.php\/wp-json\/wp\/v2\/users\/1"}],"replies":[{"embeddable":true,"href":"https:\/\/resilienz-zentrum.net\/index.php\/wp-json\/wp\/v2\/comments?post=3"}],"version-history":[{"count":3,"href":"https:\/\/resilienz-zentrum.net\/index.php\/wp-json\/wp\/v2\/pages\/3\/revisions"}],"predecessor-version":[{"id":194,"href":"https:\/\/resilienz-zentrum.net\/index.php\/wp-json\/wp\/v2\/pages\/3\/revisions\/194"}],"wp:attachment":[{"href":"https:\/\/resilienz-zentrum.net\/index.php\/wp-json\/wp\/v2\/media?parent=3"}],"curies":[{"name":"wp","href":"https:\/\/api.w.org\/{rel}","templated":true}]}}